{"id":2,"date":"2017-11-16T13:38:09","date_gmt":"2017-11-16T12:38:09","guid":{"rendered":"http:\/\/ekodomy.sk\/?page_id=2"},"modified":"2017-11-23T21:43:13","modified_gmt":"2017-11-23T20:43:13","slug":"ukazka-strany","status":"publish","type":"page","link":"http:\/\/ekodomy.sk\/","title":{"rendered":"Vitajte na str\u00e1nke www.ekodomy.sk"},"content":{"rendered":"<p>Str\u00e1nky s\u00fa v rekon\u0161trukcii \ud83d\ude09<\/p>\n<p>\u010eakujeme za pochopenie.<\/p>\n<p>&nbsp;<\/p>\n<p><strong>Kontakt:<\/strong><\/p>\n<p>Ing.arch. Patrik Martin<\/p>\n<p>martin(at)ekodomy.sk, 0903\/384-906<\/p>\n","protected":false},"excerpt":{"rendered":"<p>Str\u00e1nky s\u00fa v rekon\u0161trukcii \ud83d\ude09 \u010eakujeme za pochopenie. &nbsp; Kontakt: Ing.arch. Patrik Martin martin(at)ekodomy.sk, 0903\/384-906<\/p>\n","protected":false},"author":1,"featured_media":13,"parent":0,"menu_order":0,"comment_status":"closed","ping_status":"open","template":"","meta":[],"_links":{"self":[{"href":"http:\/\/ekodomy.sk\/index.php?rest_route=\/wp\/v2\/pages\/2"}],"collection":[{"href":"http:\/\/ekodomy.sk\/index.php?rest_route=\/wp\/v2\/pages"}],"about":[{"href":"http:\/\/ekodomy.sk\/index.php?rest_route=\/wp\/v2\/types\/page"}],"author":[{"embeddable":true,"href":"http:\/\/ekodomy.sk\/index.php?rest_route=\/wp\/v2\/users\/1"}],"replies":[{"embeddable":true,"href":"http:\/\/ekodomy.sk\/index.php?rest_route=%2Fwp%2Fv2%2Fcomments&post=2"}],"version-history":[{"count":3,"href":"http:\/\/ekodomy.sk\/index.php?rest_route=\/wp\/v2\/pages\/2\/revisions"}],"predecessor-version":[{"id":12,"href":"http:\/\/ekodomy.sk\/index.php?rest_route=\/wp\/v2\/pages\/2\/revisions\/12"}],"wp:featuredmedia":[{"embeddable":true,"href":"http:\/\/ekodomy.sk\/index.php?rest_route=\/wp\/v2\/media\/13"}],"wp:attachment":[{"href":"http:\/\/ekodomy.sk\/index.php?rest_route=%2Fwp%2Fv2%2Fmedia&parent=2"}],"curies":[{"name":"wp","href":"https:\/\/api.w.org\/{rel}","templated":true}]}}